{"id":4618,"date":"2021-10-15T17:54:19","date_gmt":"2021-10-15T22:54:19","guid":{"rendered":"https:\/\/academia.deseguridad.net\/?page_id=4618"},"modified":"2026-04-08T16:58:40","modified_gmt":"2026-04-08T21:58:40","slug":"cursos-virtuales-en-sst","status":"publish","type":"page","link":"https:\/\/academia.deseguridad.net\/en\/","title":{"rendered":"Cursos Virtuales en SG-SST"},"content":{"rendered":"<div data-elementor-type=\"wp-page\" data-elementor-id=\"4618\" class=\"elementor elementor-4618\" data-elementor-post-type=\"page\">\n\t\t\t\t<div class=\"elementor-element elementor-element-7a7f59b e-flex e-con-boxed e-con e-parent\" data-id=\"7a7f59b\" data-element_type=\"container\" data-e-type=\"container\" data-settings=\"{&quot;background_background&quot;:&quot;classic&quot;}\">\n\t\t\t\t\t<div class=\"e-con-inner\">\n\t\t\t\t<div class=\"elementor-element elementor-element-1f9c0a64 elementor-widget elementor-widget-text-editor\" data-id=\"1f9c0a64\" data-element_type=\"widget\" data-e-type=\"widget\" data-widget_type=\"text-editor.default\">\n\t\t\t\t<div class=\"elementor-widget-container\">\n\t\t\t\t\t\t\t\t\t<h1><span style=\"font-size: 20px; color: #7a7a7a; font-family: Roboto, sans-serif; font-weight: 400;\">\u00bfEst\u00e1s al d\u00eda con tu formaci\u00f3n en SST o est\u00e1s dejando que tu certificado pierda vigencia?<\/span><\/h1>\n<p class=\"has-medium-font-size\">Nadie te lo dice, pero estar actualizado es la \u00fanica forma de garantizar que tu gesti\u00f3n en Colombia sea legal y efectiva. Si vas a empezar, el curso de 50 horas es tu base; si ya eres profesional y pasaron tres a\u00f1os, la actualizaci\u00f3n de 20 horas es tu escudo.<\/p>\n<p><!-- \/wp:paragraph --><!-- wp:html --><\/p>\n<p><\/p><\/div><\/div><\/div><\/div><\/div> <a href=\"https:\/\/academia.deseguridad.net\/en\/#more-4618\" class=\"more-link elementor-more-link\"><span aria-label=\"Continue reading Cursos Virtuales en SG-SST\">(more&hellip;)<\/span><\/a>","protected":false},"excerpt":{"rendered":"<p>\u00bfEst\u00e1s al d\u00eda con tu formaci\u00f3n en SST o est\u00e1s dejando que tu certificado pierda vigencia? Nadie te lo dice, pero estar actualizado es la \u00fanica forma de garantizar que tu gesti\u00f3n en Colombia sea legal y efectiva. Si vas a empezar, el curso de 50 horas es tu base; si ya eres profesional y [&hellip;]<\/p>\n","protected":false},"author":1,"featured_media":3558,"parent":0,"menu_order":0,"comment_status":"closed","ping_status":"closed","template":"","meta":{"footnotes":""},"class_list":["post-4618","page","type-page","status-publish","has-post-thumbnail","hentry"],"_links":{"self":[{"href":"https:\/\/academia.deseguridad.net\/en\/wp-json\/wp\/v2\/pages\/4618","targetHints":{"allow":["GET"]}}],"collection":[{"href":"https:\/\/academia.deseguridad.net\/en\/wp-json\/wp\/v2\/pages"}],"about":[{"href":"https:\/\/academia.deseguridad.net\/en\/wp-json\/wp\/v2\/types\/page"}],"author":[{"embeddable":true,"href":"https:\/\/academia.deseguridad.net\/en\/wp-json\/wp\/v2\/users\/1"}],"replies":[{"embeddable":true,"href":"https:\/\/academia.deseguridad.net\/en\/wp-json\/wp\/v2\/comments?post=4618"}],"version-history":[{"count":26,"href":"https:\/\/academia.deseguridad.net\/en\/wp-json\/wp\/v2\/pages\/4618\/revisions"}],"predecessor-version":[{"id":17288,"href":"https:\/\/academia.deseguridad.net\/en\/wp-json\/wp\/v2\/pages\/4618\/revisions\/17288"}],"wp:featuredmedia":[{"embeddable":true,"href":"https:\/\/academia.deseguridad.net\/en\/wp-json\/wp\/v2\/media\/3558"}],"wp:attachment":[{"href":"https:\/\/academia.deseguridad.net\/en\/wp-json\/wp\/v2\/media?parent=4618"}],"curies":[{"name":"wp","href":"https:\/\/api.w.org\/{rel}","templated":true}]}}